{"id":17,"date":"2019-09-05T11:34:20","date_gmt":"2019-09-05T11:34:20","guid":{"rendered":"https:\/\/kotkantietokoneapu.fi\/about-2\/"},"modified":"2026-03-10T09:55:46","modified_gmt":"2026-03-10T07:55:46","slug":"hinnasto","status":"publish","type":"page","link":"https:\/\/kotkantietokoneapu.fi\/?page_id=17","title":{"rendered":"Hinnasto"},"content":{"rendered":"\r\n<h2 class=\"wp-block-heading\">Hinnat sis\u00e4lt\u00e4v\u00e4t 25,5% ALV<\/h2>\r\n\r\n\r\n<div class=\"wp-block-image\">\r\n<figure class=\"alignleft size-full is-resized\"><a href=\"https:\/\/kotkantietokoneapu.fi\/wp-content\/uploads\/2022\/05\/Puhdistus-1.png\"><img loading=\"lazy\" decoding=\"async\" width=\"911\" height=\"1000\" class=\"wp-image-628\" style=\"width: 187px; height: 205px;\" src=\"https:\/\/kotkantietokoneapu.fi\/wp-content\/uploads\/2022\/05\/Puhdistus-1.png\" alt=\"\" srcset=\"https:\/\/kotkantietokoneapu.fi\/wp-content\/uploads\/2022\/05\/Puhdistus-1.png 911w, https:\/\/kotkantietokoneapu.fi\/wp-content\/uploads\/2022\/05\/Puhdistus-1-273x300.png 273w, https:\/\/kotkantietokoneapu.fi\/wp-content\/uploads\/2022\/05\/Puhdistus-1-768x843.png 768w\" sizes=\"auto, (max-width: 911px) 100vw, 911px\" \/><\/a><\/figure>\r\n<\/div>\r\n\r\n\r\n<h2 class=\"wp-block-heading\"><strong>Siivous tietokoneele.<\/strong><\/h2>\r\n\r\n\r\n\r\n<h3 class=\"has-medium-font-size\"><strong>Pit\u00e4\u00e4k\u00f6 koneesi kovaa \u00e4\u00e4nt\u00e4 tai kuumenee paljon ja tuntuu hitaalta. <\/strong><\/h3>\r\n\r\n\r\n\r\n<p class=\"has-medium-font-size\"><strong>Tuo se minulle puhdistettavaksi.<\/strong><br \/>P\u00f6yt\u00e4koneen sek\u00e4 Kannettavan p\u00f6lyjen puhdistus sek\u00e4 suorittimen l\u00e4mm\u00f6njohdin tahnan vaihto <strong>50\u20ac<\/strong><br \/>Erillisen n\u00e4yt\u00f6nohjaimen p\u00f6lyjen puhdistus sek\u00e4 l\u00e4mm\u00f6njohdin tahnan vaihto <strong>50\u20ac<\/strong><\/p>\r\n\r\n\r\n\r\n<p><strong>Uuden tietokoneen kasaus palvelu 1h ty\u00f6veloitus \/ Uuden tietokoneen k\u00e4ytt\u00f6\u00f6notto asennus 1h ty\u00f6veloitus<\/strong>.<\/p>\r\n\r\n\r\n\r\n<p><strong>Minimiveloitus 1h<\/strong><br \/>Tarkemman arvion korjaukselle saa kun tarkistetaan mit\u00e4 on teht\u00e4viss\u00e4.<br \/>Suoritan my\u00f6s koti\/yritysk\u00e4yntej\u00e4 klo 16:00 j\u00e4lkeen tai sovitusti ennen klo 11:00 .<\/p>\r\n\r\n\r\n\r\n<ul class=\"wp-block-list\">\r\n<li><strong>Yksityishenkil\u00f6t<\/strong> <mark class=\"has-inline-color\" style=\"background-color: #7bdcb5;\"><strong>50\u20ac<\/strong> \/ 30min &#8211; 1h<\/mark> | Kotik\u00e4ynti <strong>60\u20ac<\/strong> Tunti + kilometriveloitus ( <strong>Minimi on 1 Tunti<\/strong> )<\/li>\r\n<\/ul>\r\n\r\n\r\n\r\n<ul class=\"wp-block-list\">\r\n<li><strong>Yritykset<\/strong> <mark class=\"has-inline-color\" style=\"background-color: #7bdcb5;\"><strong>60\u20ac<\/strong> \/ 30min &#8211; 1h<\/mark> | Kotik\u00e4ynti <strong>80\u20ac<\/strong> Tunti + kilometriveloitus ( <strong>Minimi on 1 Tunti<\/strong> )<\/li>\r\n<\/ul>\r\n\r\n\r\n\r\n<ul class=\"wp-block-list\">\r\n<li><strong>El\u00e4kel\u00e4iset, Opiskelijat, Ty\u00f6tt\u00f6m\u00e4t<\/strong> <mark class=\"has-inline-color\" style=\"background-color: #7bdcb5;\"> <strong>40\u20ac<\/strong> \/ 30min &#8211; 1h<\/mark> | Kotik\u00e4ynti <strong>50\u20ac<\/strong> Tunti + kilometriveloitus ( <strong>Minimi on 1 Tunti<\/strong> )<\/li>\r\n<\/ul>\r\n\r\n\r\n\r\n<p><strong>Alennuksen saamiseksi pyyd\u00e4n todistamaan, ett\u00e4 olet El\u00e4kel\u00e4inen, Opiskelija tai Ty\u00f6t\u00f6n.<\/strong><\/p>\r\n\r\n\r\n\r\n<ul class=\"wp-block-list\">\r\n<li><strong>Pikapalvelu <\/strong><mark class=\"has-inline-color\" style=\"background-color: #7bdcb5;\">20\u20ac \/ Laite<\/mark>( Toimistolla korjattu pikkuvika <strong>alle 15min<\/strong>, Jos korjaus ei onnistu niin veloitus 0\u20ac )<\/li>\r\n<\/ul>\r\n\r\n\r\n\r\n<ul class=\"wp-block-list\">\r\n<li><strong>Pelikonsolien puhdistus ja tahnojen vaihto <\/strong><mark class=\"has-inline-color\" style=\"background-color: #7bdcb5;\">6<\/mark><mark class=\"has-inline-color\" style=\"background-color: #7bdcb5;\">0\u20ac \/ Laite<\/mark><\/li>\r\n<\/ul>\r\n\r\n\r\n\r\n<ul class=\"wp-block-list\">\r\n<li><strong>Vakuutusyhti\u00f6n Lausunto<\/strong> <mark class=\"has-inline-color\" style=\"background-color: #7bdcb5;\">59\u20ac \/ Laite<\/mark><\/li>\r\n<\/ul>\r\n\r\n\r\n\r\n<ul class=\"wp-block-list\">\r\n<li><strong>Kilometriveloitus<\/strong> Kotkan alueella <mark class=\"has-inline-color\" style=\"background-color: #7bdcb5;\">10\u20ac<\/mark> | Hamina ja Pyht\u00e4\u00e4 <mark class=\"has-inline-color\" style=\"background-color: #7bdcb5;\">20\u20ac <\/mark>| k\u00e4ynti pidemm\u00e4ll\u00e4 on <mark class=\"has-inline-color\" style=\"background-color: #7bdcb5;\">0.50\u20ac \/ KM<\/mark><\/li>\r\n<li>\r\n<h3><strong>HUOM! Akuutteja tapauksia varten Lauantai +50% ja Sunnuntai +100% lis\u00e4ys hintoihin.\u00a0<\/strong><\/h3>\r\n<\/li>\r\n\r\n\r\n\r\n<li>___________________________________________________________________________________________________________<\/li>\r\n\r\n\r\n\r\n<li><strong>P\u00e4ivityspaketit ( Nykyiseen tietokoneeseen p\u00e4\u00e4kovalevyn vaihto, jos k\u00e4yt\u00f6ss\u00e4 normaali vanha HDD niin saat lis\u00e4\u00e4 nopeutta tietokoneellesi p\u00e4ivitt\u00e4m\u00e4ll\u00e4 sen uuteen SSD levyyn, tai jos nykyisen tietokoneen C asemasta loppuu tila kesken kun p\u00e4\u00e4 kovalevy on liian pieni (esim 120Gb SSD), niin p\u00e4ivitt\u00e4m\u00e4ll\u00e4 saat lis\u00e4\u00e4 tilaa. Samalla puhdistetaan tietokoneesta p\u00f6ly ja irtolika pois, sek\u00e4 kloonattu j\u00e4rjestelm\u00e4 p\u00e4ivitet\u00e4\u00e4n ajantasalle ja puhdistetaan roskatiedoista.<\/strong>\u00a0<strong>Vaihtoehtona tietenkin puhtaasti uudelleen asennus persuohjelmistoilla, k\u00e4ytt\u00e4j\u00e4n pit\u00e4\u00e4 vain itse asentaa loput ohjelmat itse joihin h\u00e4nell\u00e4 on lisenssit \/ k\u00e4ytt\u00f6oikeus.<\/strong><\/li>\r\n\r\n\r\n\r\n<li>Kysy vaihtoehtoja ja hintoja.<\/li>\r\n<\/ul>\r\n\r\n\r\n\r\n<h2 class=\"wp-block-heading\">Maksutavat: Kortti \/ K\u00e4teinen \/ Tilisiirto \/ Lasku<\/h2>\r\n\r\n\r\n\r\n<p>Laskutus vain yritysasiakkaille. Laskutuslis\u00e4 10\u20ac Sis. ALV25,5% Maksuaika Heti. <strong>Uudet yritysasiakkaat, ensimm\u00e4inen maksutapa on kortilla, ep\u00e4selvyyksien ja maksuongelmien takia en laskuta ensimm\u00e4isell\u00e4 kerralla.<\/strong><\/p>\r\n\r\n\r\n\r\n<p><strong>Huom!!!<\/strong> <mark class=\"has-inline-color has-vivid-red-color\" style=\"background-color: rgba(0, 0, 0, 0);\"><strong>Asiakas \/ Yritys ei m\u00e4\u00e4r\u00e4\u00e4 maksuajan pituutta<\/strong><\/mark>, Jos minulta tilataan apua ongelmaan niin sitoutuu minun antamaan maksuaikaan ja tapaan ellen erikseen hyv\u00e4ksy pidemp\u00e4\u00e4 maksuaikaa. Asiakkaalla voi olla omia ehtoja maksuajan suhteen, jos kuitenkin p\u00e4\u00e4t\u00e4t tilata apua minulta niin asiakkaan antamat maksuehdot eiv\u00e4t p\u00e4de, vaan suostuu maksuehtoon automaattisesti. <strong>Yksityishenkil\u00f6ill\u00e4 laskun maksuaika on heti ellei toisin ole sovittu, jos kortilla maksamisessa maksuraja tulee vastaan, joten voidaan sopia lasku korttimaksun sijasta.<\/strong><\/p>\r\n\r\n\r\n\r\n<p>Lasku toimitetaan aina s\u00e4hk\u00f6postitse PDF muodossa tai verkkolaskuna mik\u00e4 sis\u00e4lt\u00e4\u00e4 kaikki tarvittavat tiedot.<\/p>\r\n\r\n\r\n\r\n<p><strong><em>Uusilla asiakkailla yli 250\u20ac Tilauksissa \/ korjauksissa tarvitsee suorittaa ennakkomaksu tilille.<\/em><\/strong><\/p>\r\n\r\n\r\n\r\n<p><strong><em>Kaikissa yli 1000\u20ac tilauksissa vaaditaan 50% kokonais summasta ennakkomaksu!<\/em><\/strong><\/p>\r\n\r\n\r\n\r\n<p><strong><em>Tehtyj\u00e4 tilauksia ei voi perua eik\u00e4 palauttaa!<\/em><\/strong> (Tilaus on aina r\u00e4\u00e4t\u00e4l\u00f6ity asiakkaan vaatimusten mukaan)<\/p>\r\n","protected":false},"excerpt":{"rendered":"<p>Hinnat sis\u00e4lt\u00e4v\u00e4t 25,5% ALV Siivous tietokoneele. Pit\u00e4\u00e4k\u00f6 koneesi kovaa \u00e4\u00e4nt\u00e4 tai kuumenee paljon ja tuntuu hitaalta. Tuo se minulle puhdistettavaksi.P\u00f6yt\u00e4koneen sek\u00e4 Kannettavan p\u00f6lyjen puhdistus sek\u00e4 suorittimen l\u00e4mm\u00f6njohdin tahnan vaihto 50\u20acErillisen n\u00e4yt\u00f6nohjaimen p\u00f6lyjen puhdistus sek\u00e4 l\u00e4mm\u00f6njohdin tahnan vaihto 50\u20ac Uuden tietokoneen kasaus palvelu 1h ty\u00f6veloitus \/ Uuden tietokoneen k\u00e4ytt\u00f6\u00f6notto asennus 1h ty\u00f6veloitus. Minimiveloitus 1hTarkemman arvion korjaukselle saa kun tarkistetaan mit\u00e4 on teht\u00e4viss\u00e4.Suoritan my\u00f6s koti\/yritysk\u00e4yntej\u00e4 klo 16:00 j\u00e4lkeen tai sovitusti ennen klo 11:00 . Alennuksen saamiseksi pyyd\u00e4n todistamaan, ett\u00e4 olet El\u00e4kel\u00e4inen, Opiskelija tai Ty\u00f6t\u00f6n. Maksutavat: Kortti \/ K\u00e4teinen \/ Tilisiirto \/ Lasku Laskutus vain yritysasiakkaille. Laskutuslis\u00e4 10\u20ac Sis. ALV25,5% Maksuaika Heti. Uudet yritysasiakkaat, ensimm\u00e4inen maksutapa on kortilla, ep\u00e4selvyyksien ja maksuongelmien takia en&hellip; <a class=\"read-more\" href=\"https:\/\/kotkantietokoneapu.fi\/?page_id=17\">Read More<\/a><\/p>\n","protected":false},"author":1,"featured_media":0,"parent":0,"menu_order":0,"comment_status":"closed","ping_status":"closed","template":"","meta":{"footnotes":""},"class_list":["post-17","page","type-page","status-publish","hentry"],"_links":{"self":[{"href":"https:\/\/kotkantietokoneapu.fi\/index.php?rest_route=\/wp\/v2\/pages\/17","targetHints":{"allow":["GET"]}}],"collection":[{"href":"https:\/\/kotkantietokoneapu.fi\/index.php?rest_route=\/wp\/v2\/pages"}],"about":[{"href":"https:\/\/kotkantietokoneapu.fi\/index.php?rest_route=\/wp\/v2\/types\/page"}],"author":[{"embeddable":true,"href":"https:\/\/kotkantietokoneapu.fi\/index.php?rest_route=\/wp\/v2\/users\/1"}],"replies":[{"embeddable":true,"href":"https:\/\/kotkantietokoneapu.fi\/index.php?rest_route=%2Fwp%2Fv2%2Fcomments&post=17"}],"version-history":[{"count":43,"href":"https:\/\/kotkantietokoneapu.fi\/index.php?rest_route=\/wp\/v2\/pages\/17\/revisions"}],"predecessor-version":[{"id":981,"href":"https:\/\/kotkantietokoneapu.fi\/index.php?rest_route=\/wp\/v2\/pages\/17\/revisions\/981"}],"wp:attachment":[{"href":"https:\/\/kotkantietokoneapu.fi\/index.php?rest_route=%2Fwp%2Fv2%2Fmedia&parent=17"}],"curies":[{"name":"wp","href":"https:\/\/api.w.org\/{rel}","templated":true}]}}