{"id":18,"date":"2019-09-05T11:34:20","date_gmt":"2019-09-05T11:34:20","guid":{"rendered":"https:\/\/kotkantietokoneapu.fi\/home\/"},"modified":"2026-01-12T14:51:36","modified_gmt":"2026-01-12T12:51:36","slug":"home","status":"publish","type":"page","link":"https:\/\/kotkantietokoneapu.fi\/","title":{"rendered":"Tervetuloa."},"content":{"rendered":"<div class=\"wp-block-image\">\r\n<figure class=\"alignleft\"><img loading=\"lazy\" decoding=\"async\" width=\"209\" height=\"300\" class=\"wp-image-27\" src=\"https:\/\/kotkantietokoneapu.fi\/wp-content\/uploads\/2019\/09\/SV_AA_LOGO_Kotkan_Tietokoneapu_FI_396800_web.jpg\" alt=\"\" \/><\/figure>\r\n<\/div>\r\n\r\n\r\n<h1 class=\"wp-block-heading\"><strong>k\u00e4yntiosoite<\/strong> Seponkatu 6 48600 Kotka<\/h1>\r\n\r\n\r\n\r\n\r\n\r\n<p class=\"has-medium-font-size\">Avoinna <strong>Ma \u2013 Pe 11:00 \u2013 16:00 <\/strong>(Tai sopimuksen mukaan)<\/p>\r\n\r\n\r\n\r\n<p><strong>Asiakask\u00e4ynnit<\/strong> 16:00 j\u00e4lkeen (Tai sovitusti aamulla ennen klo 11:00)<\/p>\r\n\r\n\r\n\r\n<h1>\u00a0<\/h1>\r\n\r\n\r\n\r\n<p>&nbsp;<\/p>\r\n\r\n\r\n\r\n<p>&nbsp;<\/p>\r\n\r\n\r\n\r\n<p>&nbsp;<\/p>\r\n\r\n\r\n\r\n<p>&nbsp;<\/p>\r\n\r\n\r\n\r\n<p class=\"has-medium-font-size\"><strong><mark class=\"has-inline-color has-vivid-cyan-blue-color\" style=\"background-color: rgba(0, 0, 0, 0);\">Yritykset huomioikaa maksuehdot<\/mark><\/strong> <a href=\"https:\/\/kotkantietokoneapu.fi\/?page_id=17\" data-type=\"URL\" data-id=\"https:\/\/kotkantietokoneapu.fi\/?page_id=17\"><mark class=\"has-inline-color has-vivid-green-cyan-color\" style=\"background-color: rgba(0, 0, 0, 0);\"><strong>Hinnasto<\/strong><\/mark><\/a> <strong><mark class=\"has-inline-color has-vivid-cyan-blue-color\" style=\"background-color: rgba(0, 0, 0, 0);\">linkin alla.<\/mark><\/strong><\/p>\r\n\r\n\r\n\r\n<h2 class=\"wp-block-heading\"><strong>Nettiasetukset ja tietoturva.<\/strong><\/h2>\r\n\r\n\r\n\r\n<p>Tarvitsetko apua nettiasetusten ja sen tietoturvan kanssa? Jos sinulla on 4G\/5G mobiilireititin ja olet ep\u00e4varma sen asetuksista, voit tuoda laitteen luokseni, laitetaan reititimen tietoturva asetukset kohdalleen, t\u00e4\u00e4ll\u00e4 tehtyn\u00e4 sen saa Pika Palveluna 20\u20ac<\/p>\r\n\r\n\r\n\r\n<p>Omakotitalon langattoman netin toiminta voi olla haastavaa, autan mielell\u00e4ni kartoittamaan tarvittavat tukiasemat ja mesh laitteet kotiisi jotta saat netin toimimaan hyvin kaikkialla kotona.<\/p>\r\n\r\n\r\n\r\n\r\n\r\n<h4 class=\"wp-block-heading has-text-align-left\"><strong>Minut l\u00f6yt\u00e4\u00e4 my\u00f6s<\/strong> <strong>&#8211;&gt;<\/strong> <a href=\"https:\/\/wa.me\/358451535341?text=Tarvitsen%20apua!\"><strong>WhatsApista<\/strong><\/a> <strong>&lt;&#8211;<\/strong> Helppo tapa l\u00e4hett\u00e4\u00e4 kuva ongelmasta.<\/h4>\r\n\r\n\r\n\r\n<p><strong>Suoritan koti sek\u00e4 yritysk\u00e4yntej\u00e4.<\/strong><\/p>\r\n\r\n\r\n\r\n<p>Pystyn noutamaan koneen sinulta sovitusti tai voit tuoda sen minulle.<\/p>\r\n\r\n\r\n\r\n<figure class=\"wp-block-image size-large\"><a href=\"https:\/\/kotkantietokoneapu.fi\/wp-content\/uploads\/2021\/11\/tieltsis-scaled.jpg\"><img loading=\"lazy\" decoding=\"async\" width=\"1024\" height=\"467\" class=\"wp-image-574\" src=\"https:\/\/kotkantietokoneapu.fi\/wp-content\/uploads\/2021\/11\/tieltsis-1024x467.jpg\" alt=\"\" srcset=\"https:\/\/kotkantietokoneapu.fi\/wp-content\/uploads\/2021\/11\/tieltsis-1024x467.jpg 1024w, https:\/\/kotkantietokoneapu.fi\/wp-content\/uploads\/2021\/11\/tieltsis-300x137.jpg 300w, https:\/\/kotkantietokoneapu.fi\/wp-content\/uploads\/2021\/11\/tieltsis-768x350.jpg 768w, https:\/\/kotkantietokoneapu.fi\/wp-content\/uploads\/2021\/11\/tieltsis-1536x700.jpg 1536w, https:\/\/kotkantietokoneapu.fi\/wp-content\/uploads\/2021\/11\/tieltsis-2048x934.jpg 2048w\" sizes=\"auto, (max-width: 1024px) 100vw, 1024px\" \/><\/a><\/figure>\r\n\r\n\r\n\r\n<p><iframe loading=\"lazy\" src=\"https:\/\/www.google.com\/maps\/embed?pb=!1m18!1m12!1m3!1d327.6840353013229!2d26.913399429621414!3d60.513121123846304!2m3!1f0!2f0!3f0!3m2!1i1024!2i768!4f13.1!3m3!1m2!1s0x46910d78b98f45ab%3A0x68450bfab4b0d43d!2sKotkan%20Tietokoneapu!5e0!3m2!1sfi!2sfi!4v1707139799920!5m2!1sfi!2sfi\" width=\"100%\" height=\"400\" frameborder=\"0\"><\/iframe><\/p>\r\n","protected":false},"excerpt":{"rendered":"<p>k\u00e4yntiosoite Seponkatu 6 48600 Kotka Avoinna Ma \u2013 Pe 11:00 \u2013 16:00 (Tai sopimuksen mukaan) Asiakask\u00e4ynnit 16:00 j\u00e4lkeen (Tai sovitusti aamulla ennen klo 11:00) \u00a0 &nbsp; &nbsp; &nbsp; &nbsp; Yritykset huomioikaa maksuehdot Hinnasto linkin alla. Nettiasetukset ja tietoturva. Tarvitsetko apua nettiasetusten ja sen tietoturvan kanssa? Jos sinulla on 4G\/5G mobiilireititin ja olet ep\u00e4varma sen asetuksista, voit tuoda laitteen luokseni, laitetaan reititimen tietoturva asetukset kohdalleen, t\u00e4\u00e4ll\u00e4 tehtyn\u00e4 sen saa Pika Palveluna 20\u20ac Omakotitalon langattoman netin toiminta voi olla haastavaa, autan mielell\u00e4ni kartoittamaan tarvittavat tukiasemat ja mesh laitteet kotiisi jotta saat netin toimimaan hyvin kaikkialla kotona. Minut l\u00f6yt\u00e4\u00e4 my\u00f6s &#8211;&gt; WhatsApista &lt;&#8211; Helppo tapa l\u00e4hett\u00e4\u00e4 kuva ongelmasta. Suoritan koti sek\u00e4 yritysk\u00e4yntej\u00e4. Pystyn&hellip; <a class=\"read-more\" href=\"https:\/\/kotkantietokoneapu.fi\/\">Read More<\/a><\/p>\n","protected":false},"author":1,"featured_media":0,"parent":0,"menu_order":0,"comment_status":"closed","ping_status":"closed","template":"","meta":{"footnotes":""},"class_list":["post-18","page","type-page","status-publish","hentry"],"_links":{"self":[{"href":"https:\/\/kotkantietokoneapu.fi\/index.php?rest_route=\/wp\/v2\/pages\/18","targetHints":{"allow":["GET"]}}],"collection":[{"href":"https:\/\/kotkantietokoneapu.fi\/index.php?rest_route=\/wp\/v2\/pages"}],"about":[{"href":"https:\/\/kotkantietokoneapu.fi\/index.php?rest_route=\/wp\/v2\/types\/page"}],"author":[{"embeddable":true,"href":"https:\/\/kotkantietokoneapu.fi\/index.php?rest_route=\/wp\/v2\/users\/1"}],"replies":[{"embeddable":true,"href":"https:\/\/kotkantietokoneapu.fi\/index.php?rest_route=%2Fwp%2Fv2%2Fcomments&post=18"}],"version-history":[{"count":74,"href":"https:\/\/kotkantietokoneapu.fi\/index.php?rest_route=\/wp\/v2\/pages\/18\/revisions"}],"predecessor-version":[{"id":972,"href":"https:\/\/kotkantietokoneapu.fi\/index.php?rest_route=\/wp\/v2\/pages\/18\/revisions\/972"}],"wp:attachment":[{"href":"https:\/\/kotkantietokoneapu.fi\/index.php?rest_route=%2Fwp%2Fv2%2Fmedia&parent=18"}],"curies":[{"name":"wp","href":"https:\/\/api.w.org\/{rel}","templated":true}]}}